{"id":214,"date":"2020-02-13T20:30:21","date_gmt":"2020-02-13T20:30:21","guid":{"rendered":"http:\/\/www.erkkitiri.fi\/?page_id=214"},"modified":"2020-02-13T20:38:55","modified_gmt":"2020-02-13T20:38:55","slug":"opinnaytetyo","status":"publish","type":"page","link":"https:\/\/www.erkkitiri.fi\/index.php\/opinnaytetyo\/","title":{"rendered":"Opinn\u00e4ytety\u00f6"},"content":{"rendered":"\t\t<div data-elementor-type=\"wp-post\" data-elementor-id=\"214\" class=\"elementor elementor-214\" data-elementor-post-type=\"page\">\n\t\t\t\t\t\t<section class=\"elementor-section elementor-top-section elementor-element elementor-element-9c69dde elementor-section-boxed elementor-section-height-default elementor-section-height-default\" data-id=\"9c69dde\" data-element_type=\"section\" data-settings=\"{&quot;background_background&quot;:&quot;classic&quot;}\">\n\t\t\t\t\t\t<div class=\"elementor-container elementor-column-gap-default\">\n\t\t\t\t\t<div class=\"elementor-column elementor-col-100 elementor-top-column elementor-element elementor-element-c3af81b\" data-id=\"c3af81b\" data-element_type=\"column\" data-settings=\"{&quot;background_background&quot;:&quot;classic&quot;}\">\n\t\t\t<div class=\"elementor-widget-wrap elementor-element-populated\">\n\t\t\t\t\t\t<div class=\"elementor-element elementor-element-bb11f0d elementor-widget elementor-widget-heading\" data-id=\"bb11f0d\" data-element_type=\"widget\" data-widget_type=\"heading.default\">\n\t\t\t\t<div class=\"elementor-widget-container\">\n\t\t\t<h2 class=\"elementor-heading-title elementor-size-default\">AMMATTIKORKEAKOULUN OPINN\u00c4YTETY\u00d6:<\/h2>\t\t<\/div>\n\t\t\t\t<\/div>\n\t\t\t\t<div class=\"elementor-element elementor-element-c54129d elementor-widget elementor-widget-text-editor\" data-id=\"c54129d\" data-element_type=\"widget\" data-widget_type=\"text-editor.default\">\n\t\t\t\t<div class=\"elementor-widget-container\">\n\t\t\t\t\t\t\t<p>Ammattikorkean opinn\u00e4ytety\u00f6n tein K\u00e4rs\u00e4m\u00e4en kunnalle. Asiakas halusi erilaisen ja v\u00e4rikk\u00e4\u00e4n lis\u00e4sivun, viralliselle kunnan sivujen rinnalle. Haasteena oli nettisivujen horisontaalisuus, koska kuvakartalla toteutettu maisemointi oli pidempi, siin\u00e4 miss\u00e4 normaalisti www-sivut on vertikaalisti, eli alasp\u00e4in korkeampia. Ideana oli ett\u00e4 kuvaan lis\u00e4tt\u00e4isiin mahdollisimman yksinkertaistettuja talojen kuvia, joita klikkaamalla p\u00e4\u00e4si niille suunniteltuun omaan sivustoon, jotka olivat jo valmiina K\u00e4rs\u00e4m\u00e4en kunnalla. Sen lis\u00e4ksi pient\u00e4 animaatiota oli mukana, asiakas kertoi kyl\u00e4ll\u00e4 liikkuneen usein keltainen auto, joten se haluttiin my\u00f6s ajelemaan pitkin Virtuaalik\u00e4rs\u00e4m\u00e4ke\u00e4. Auto my\u00f6s vaihtoi suuntaa satunnaisesti.<\/p><p>Olin aiemminkin tehnyt opinn\u00e4ytety\u00f6n ammattikoulussa, mutta ammattikorkean opinn\u00e4ytety\u00f6 oli aivan eri luokkaa. Esimerkiksi paljon tarkemmat s\u00e4\u00e4d\u00f6kset sis\u00e4lt\u00f6\u00f6n, dokumentointiin, l\u00e4hdeluetteloon ja paljon muuta. Mutta kun siihen projektiin p\u00e4\u00e4si sis\u00e4lle, se oli yll\u00e4tt\u00e4v\u00e4n mukavaa ja lopputuloksena se l\u00e4hetettiin painoon, josta sen sai hienona mustakantisena kirjana. Se my\u00f6s l\u00e4hetettiin Theseus.fi sivustolle, joka arkistoi Ammattikorkeakoulujen opinn\u00e4ytety\u00f6t ja muita julkaisuja.<\/p><p>Opinn\u00e4ytety\u00f6n voi lukea kokonaisuudessaan t\u00e4\u00e4lt\u00e4: <a href=\"https:\/\/www.theseus.fi\/bitstream\/handle\/10024\/46972\/Tiri_Erkki.pdf?sequence=1\" target=\"_blank\" rel=\"noopener\"><strong>| Erkki Tiri &#8211; Theseus |<\/strong><\/a><\/p>\t\t\t\t\t\t<\/div>\n\t\t\t\t<\/div>\n\t\t\t\t<div class=\"elementor-element elementor-element-c368e23 elementor-widget elementor-widget-image\" data-id=\"c368e23\" data-element_type=\"widget\" data-widget_type=\"image.default\">\n\t\t\t\t<div class=\"elementor-widget-container\">\n\t\t\t\t\t\t\t\t\t\t\t\t\t<img fetchpriority=\"high\" decoding=\"async\" width=\"512\" height=\"127\" src=\"https:\/\/www.erkkitiri.fi\/wp-content\/uploads\/2020\/02\/Karsatalo.jpg\" class=\"attachment-large size-large wp-image-221\" alt=\"\" srcset=\"https:\/\/www.erkkitiri.fi\/wp-content\/uploads\/2020\/02\/Karsatalo.jpg 512w, https:\/\/www.erkkitiri.fi\/wp-content\/uploads\/2020\/02\/Karsatalo-300x74.jpg 300w\" sizes=\"(max-width: 512px) 100vw, 512px\" \/>\t\t\t\t\t\t\t\t\t\t\t\t\t<\/div>\n\t\t\t\t<\/div>\n\t\t\t\t<div class=\"elementor-element elementor-element-8b37f30 elementor-widget elementor-widget-text-editor\" data-id=\"8b37f30\" data-element_type=\"widget\" data-widget_type=\"text-editor.default\">\n\t\t\t\t<div class=\"elementor-widget-container\">\n\t\t\t\t\t\t\t<p>Ylemp\u00e4n\u00e4 on kuva yhdest\u00e4 K\u00e4rs\u00e4m\u00e4en rakennuksista, jonka piirsin Adoben Illustator CS5. Asiakas oli tyytyv\u00e4inen kokonaiseen lopputulokseen, mutta sivuja ei jostain syyst\u00e4 koskaan julkaistu.<\/p>\t\t\t\t\t\t<\/div>\n\t\t\t\t<\/div>\n\t\t\t\t\t<\/div>\n\t\t<\/div>\n\t\t\t\t\t<\/div>\n\t\t<\/section>\n\t\t\t\t<\/div>\n\t\t","protected":false},"excerpt":{"rendered":"<p>AMMATTIKORKEAKOULUN OPINN\u00c4YTETY\u00d6: Ammattikorkean opinn\u00e4ytety\u00f6n tein K\u00e4rs\u00e4m\u00e4en kunnalle. Asiakas halusi erilaisen ja v\u00e4rikk\u00e4\u00e4n lis\u00e4sivun, viralliselle kunnan sivujen rinnalle. Haasteena oli nettisivujen horisontaalisuus, koska kuvakartalla toteutettu maisemointi oli pidempi, siin\u00e4 miss\u00e4 normaalisti www-sivut on vertikaalisti, eli alasp\u00e4in korkeampia. Ideana oli ett\u00e4 kuvaan lis\u00e4tt\u00e4isiin mahdollisimman yksinkertaistettuja talojen kuvia, joita klikkaamalla p\u00e4\u00e4si niille suunniteltuun omaan sivustoon, jotka olivat jo [&hellip;]<\/p>\n","protected":false},"author":1,"featured_media":0,"parent":0,"menu_order":0,"comment_status":"closed","ping_status":"closed","template":"","meta":{"footnotes":""},"class_list":["post-214","page","type-page","status-publish","hentry"],"_links":{"self":[{"href":"https:\/\/www.erkkitiri.fi\/index.php\/wp-json\/wp\/v2\/pages\/214","targetHints":{"allow":["GET"]}}],"collection":[{"href":"https:\/\/www.erkkitiri.fi\/index.php\/wp-json\/wp\/v2\/pages"}],"about":[{"href":"https:\/\/www.erkkitiri.fi\/index.php\/wp-json\/wp\/v2\/types\/page"}],"author":[{"embeddable":true,"href":"https:\/\/www.erkkitiri.fi\/index.php\/wp-json\/wp\/v2\/users\/1"}],"replies":[{"embeddable":true,"href":"https:\/\/www.erkkitiri.fi\/index.php\/wp-json\/wp\/v2\/comments?post=214"}],"version-history":[{"count":8,"href":"https:\/\/www.erkkitiri.fi\/index.php\/wp-json\/wp\/v2\/pages\/214\/revisions"}],"predecessor-version":[{"id":225,"href":"https:\/\/www.erkkitiri.fi\/index.php\/wp-json\/wp\/v2\/pages\/214\/revisions\/225"}],"wp:attachment":[{"href":"https:\/\/www.erkkitiri.fi\/index.php\/wp-json\/wp\/v2\/media?parent=214"}],"curies":[{"name":"wp","href":"https:\/\/api.w.org\/{rel}","templated":true}]}}