{"id":226,"date":"2020-02-13T20:43:48","date_gmt":"2020-02-13T20:43:48","guid":{"rendered":"http:\/\/www.erkkitiri.fi\/?page_id=226"},"modified":"2020-02-14T14:12:45","modified_gmt":"2020-02-14T14:12:45","slug":"muut","status":"publish","type":"page","link":"https:\/\/www.erkkitiri.fi\/index.php\/muut\/","title":{"rendered":"Muut ty\u00f6t"},"content":{"rendered":"\t\t<div data-elementor-type=\"wp-post\" data-elementor-id=\"226\" class=\"elementor elementor-226\" data-elementor-post-type=\"page\">\n\t\t\t\t\t\t<section class=\"elementor-section elementor-top-section elementor-element elementor-element-9c69dde elementor-section-boxed elementor-section-height-default elementor-section-height-default\" data-id=\"9c69dde\" data-element_type=\"section\" data-settings=\"{&quot;background_background&quot;:&quot;classic&quot;}\">\n\t\t\t\t\t\t<div class=\"elementor-container elementor-column-gap-default\">\n\t\t\t\t\t<div class=\"elementor-column elementor-col-100 elementor-top-column elementor-element elementor-element-c3af81b\" data-id=\"c3af81b\" data-element_type=\"column\" data-settings=\"{&quot;background_background&quot;:&quot;classic&quot;}\">\n\t\t\t<div class=\"elementor-widget-wrap elementor-element-populated\">\n\t\t\t\t\t\t<div class=\"elementor-element elementor-element-bb11f0d elementor-widget elementor-widget-heading\" data-id=\"bb11f0d\" data-element_type=\"widget\" data-widget_type=\"heading.default\">\n\t\t\t\t<div class=\"elementor-widget-container\">\n\t\t\t<h2 class=\"elementor-heading-title elementor-size-default\">MUUT TY\u00d6T:<\/h2>\t\t<\/div>\n\t\t\t\t<\/div>\n\t\t\t\t<div class=\"elementor-element elementor-element-c54129d elementor-widget elementor-widget-text-editor\" data-id=\"c54129d\" data-element_type=\"widget\" data-widget_type=\"text-editor.default\">\n\t\t\t\t<div class=\"elementor-widget-container\">\n\t\t\t\t\t\t\t<p>T\u00e4nne sijoitan muita yksitt\u00e4isi\u00e4 projekteja, joita Koulussa tehtiin. Ja joille ei tarvitse omistaa kokonaista osiota.<\/p>\t\t\t\t\t\t<\/div>\n\t\t\t\t<\/div>\n\t\t\t\t<div class=\"elementor-element elementor-element-f988360 elementor-widget elementor-widget-heading\" data-id=\"f988360\" data-element_type=\"widget\" data-widget_type=\"heading.default\">\n\t\t\t\t<div class=\"elementor-widget-container\">\n\t\t\t<h2 class=\"elementor-heading-title elementor-size-default\">Tuiran kamarikuoron juhlalehti\u00f6<\/h2>\t\t<\/div>\n\t\t\t\t<\/div>\n\t\t\t\t<div class=\"elementor-element elementor-element-d9ebed9 elementor-widget elementor-widget-text-editor\" data-id=\"d9ebed9\" data-element_type=\"widget\" data-widget_type=\"text-editor.default\">\n\t\t\t\t<div class=\"elementor-widget-container\">\n\t\t\t\t\t\t\t<p>Opettaja antoi teht\u00e4v\u00e4ksi tehd\u00e4 Tuiran kamarikuorolle 40-vuotis juhlaesitteen. Tekstin sis\u00e4lt\u00f6\u00e4 ei ollut tiedossa, joten k\u00e4ytin Lorem impsumia esimerkkin\u00e4.<\/p><p>| <a href=\"http:\/\/www.erkkitiri.fi\/wp-content\/uploads\/2020\/02\/TuiranKamarikuoro.pdf\" target=\"_blank\" rel=\"noopener\">Tuiran Kamarikuoro<\/a> |<\/p>\t\t\t\t\t\t<\/div>\n\t\t\t\t<\/div>\n\t\t\t\t<div class=\"elementor-element elementor-element-12c829a elementor-widget elementor-widget-heading\" data-id=\"12c829a\" data-element_type=\"widget\" data-widget_type=\"heading.default\">\n\t\t\t\t<div class=\"elementor-widget-container\">\n\t\t\t<h2 class=\"elementor-heading-title elementor-size-default\">Hautomo.fi lehti<\/h2>\t\t<\/div>\n\t\t\t\t<\/div>\n\t\t\t\t<div class=\"elementor-element elementor-element-3bcb061 elementor-widget elementor-widget-text-editor\" data-id=\"3bcb061\" data-element_type=\"widget\" data-widget_type=\"text-editor.default\">\n\t\t\t\t<div class=\"elementor-widget-container\">\n\t\t\t\t\t\t\t<p>Yksi suurimmista t\u00f6ist\u00e4 Ammattikorkeassa lienee Hautomolle tehty lehti. Kyseess\u00e4 oli yrityshautomo, jossa avustetaan aloittavia yksityisyritt\u00e4ji\u00e4 uralleen. Hautomo tekee tiivist\u00e4 yhteisty\u00f6t\u00e4 ammattikorkeakoulun kanssa ja sielt\u00e4 meille lohkesi lehdentekoty\u00f6. Ihmisten haastattelut ja valokuvaamiset jaettiin opiskelijoiden kesken. Minun haastateltavana oli Oy Terapia, Anne Savukoski. (Sivu 15.). Lehti kokonaisuudessaan kasattiin kokoon ja taitettiin Adoben InDesign CS5 taitto-ohjelmalla.<\/p><p>| <a href=\"http:\/\/www.erkkitiri.fi\/wp-content\/uploads\/2020\/02\/Hautomolehti.pdf\" target=\"_blank\" rel=\"noopener\">Hautomo lehti<\/a> |<\/p>\t\t\t\t\t\t<\/div>\n\t\t\t\t<\/div>\n\t\t\t\t<div class=\"elementor-element elementor-element-1f2cba3 elementor-widget elementor-widget-heading\" data-id=\"1f2cba3\" data-element_type=\"widget\" data-widget_type=\"heading.default\">\n\t\t\t\t<div class=\"elementor-widget-container\">\n\t\t\t<h2 class=\"elementor-heading-title elementor-size-default\">K\u00e4sill\u00e4 ty\u00f6skentely\u00e4<\/h2>\t\t<\/div>\n\t\t\t\t<\/div>\n\t\t\t\t<div class=\"elementor-element elementor-element-7ba4d2e elementor-widget elementor-widget-text-editor\" data-id=\"7ba4d2e\" data-element_type=\"widget\" data-widget_type=\"text-editor.default\">\n\t\t\t\t<div class=\"elementor-widget-container\">\n\t\t\t\t\t\t\t<p>Lokakuussa 2015 olin kuukauden mittaisessa projektissa jossa p\u00e4\u00e4teht\u00e4v\u00e4n\u00e4ni oli maalata joulutonttuja. Ensin kunnon pohjamaali ja sitten v\u00e4rit p\u00e4\u00e4lle ja tarkkailua, ettei tule valumia. T\u00e4m\u00e4nkaltainen projekti tuo esille ett\u00e4 pid\u00e4n my\u00f6s k\u00e4sill\u00e4 tekemisest\u00e4 tietokoneen lis\u00e4ksi. Tontut meniv\u00e4t myyt\u00e4v\u00e4ksi.<\/p>\t\t\t\t\t\t<\/div>\n\t\t\t\t<\/div>\n\t\t\t\t<div class=\"elementor-element elementor-element-cc3928e elementor-widget elementor-widget-image\" data-id=\"cc3928e\" data-element_type=\"widget\" data-widget_type=\"image.default\">\n\t\t\t\t<div class=\"elementor-widget-container\">\n\t\t\t\t\t\t\t\t\t\t\t\t\t<img fetchpriority=\"high\" decoding=\"async\" width=\"300\" height=\"168\" src=\"https:\/\/www.erkkitiri.fi\/wp-content\/uploads\/2020\/02\/Tontut-300x168.jpg\" class=\"attachment-medium size-medium wp-image-238\" alt=\"\" srcset=\"https:\/\/www.erkkitiri.fi\/wp-content\/uploads\/2020\/02\/Tontut-300x168.jpg 300w, https:\/\/www.erkkitiri.fi\/wp-content\/uploads\/2020\/02\/Tontut.jpg 561w\" sizes=\"(max-width: 300px) 100vw, 300px\" \/>\t\t\t\t\t\t\t\t\t\t\t\t\t<\/div>\n\t\t\t\t<\/div>\n\t\t\t\t\t<\/div>\n\t\t<\/div>\n\t\t\t\t\t<\/div>\n\t\t<\/section>\n\t\t\t\t<\/div>\n\t\t","protected":false},"excerpt":{"rendered":"<p>MUUT TY\u00d6T: T\u00e4nne sijoitan muita yksitt\u00e4isi\u00e4 projekteja, joita Koulussa tehtiin. Ja joille ei tarvitse omistaa kokonaista osiota. Tuiran kamarikuoron juhlalehti\u00f6 Opettaja antoi teht\u00e4v\u00e4ksi tehd\u00e4 Tuiran kamarikuorolle 40-vuotis juhlaesitteen. Tekstin sis\u00e4lt\u00f6\u00e4 ei ollut tiedossa, joten k\u00e4ytin Lorem impsumia esimerkkin\u00e4. | Tuiran Kamarikuoro | Hautomo.fi lehti Yksi suurimmista t\u00f6ist\u00e4 Ammattikorkeassa lienee Hautomolle tehty lehti. Kyseess\u00e4 oli yrityshautomo, [&hellip;]<\/p>\n","protected":false},"author":1,"featured_media":0,"parent":0,"menu_order":0,"comment_status":"closed","ping_status":"closed","template":"","meta":{"footnotes":""},"class_list":["post-226","page","type-page","status-publish","hentry"],"_links":{"self":[{"href":"https:\/\/www.erkkitiri.fi\/index.php\/wp-json\/wp\/v2\/pages\/226","targetHints":{"allow":["GET"]}}],"collection":[{"href":"https:\/\/www.erkkitiri.fi\/index.php\/wp-json\/wp\/v2\/pages"}],"about":[{"href":"https:\/\/www.erkkitiri.fi\/index.php\/wp-json\/wp\/v2\/types\/page"}],"author":[{"embeddable":true,"href":"https:\/\/www.erkkitiri.fi\/index.php\/wp-json\/wp\/v2\/users\/1"}],"replies":[{"embeddable":true,"href":"https:\/\/www.erkkitiri.fi\/index.php\/wp-json\/wp\/v2\/comments?post=226"}],"version-history":[{"count":16,"href":"https:\/\/www.erkkitiri.fi\/index.php\/wp-json\/wp\/v2\/pages\/226\/revisions"}],"predecessor-version":[{"id":253,"href":"https:\/\/www.erkkitiri.fi\/index.php\/wp-json\/wp\/v2\/pages\/226\/revisions\/253"}],"wp:attachment":[{"href":"https:\/\/www.erkkitiri.fi\/index.php\/wp-json\/wp\/v2\/media?parent=226"}],"curies":[{"name":"wp","href":"https:\/\/api.w.org\/{rel}","templated":true}]}}