{"id":35,"date":"2019-06-28T11:41:00","date_gmt":"2019-06-28T11:41:00","guid":{"rendered":"http:\/\/www.erkkitiri.fi\/?page_id=35"},"modified":"2020-02-15T15:15:39","modified_gmt":"2020-02-15T15:15:39","slug":"etusivu","status":"publish","type":"page","link":"https:\/\/www.erkkitiri.fi\/","title":{"rendered":"Etusivu"},"content":{"rendered":"\t\t<div data-elementor-type=\"wp-post\" data-elementor-id=\"35\" class=\"elementor elementor-35\" data-elementor-post-type=\"page\">\n\t\t\t\t\t\t<section class=\"elementor-section elementor-top-section elementor-element elementor-element-9c69dde elementor-section-boxed elementor-section-height-default elementor-section-height-default\" data-id=\"9c69dde\" data-element_type=\"section\" data-settings=\"{&quot;background_background&quot;:&quot;classic&quot;}\">\n\t\t\t\t\t\t<div class=\"elementor-container elementor-column-gap-default\">\n\t\t\t\t\t<div class=\"elementor-column elementor-col-100 elementor-top-column elementor-element elementor-element-c3af81b\" data-id=\"c3af81b\" data-element_type=\"column\" data-settings=\"{&quot;background_background&quot;:&quot;classic&quot;}\">\n\t\t\t<div class=\"elementor-widget-wrap elementor-element-populated\">\n\t\t\t\t\t\t<div class=\"elementor-element elementor-element-c54129d elementor-widget elementor-widget-text-editor\" data-id=\"c54129d\" data-element_type=\"widget\" data-widget_type=\"text-editor.default\">\n\t\t\t\t<div class=\"elementor-widget-container\">\n\t\t\t\t\t\t\t<p>Nimi: Erkki Tiri<br \/>Ik\u00e4: 32<br \/>E-mail: tiri.erkki [at] gmail.com<\/p>\t\t\t\t\t\t<\/div>\n\t\t\t\t<\/div>\n\t\t\t\t<div class=\"elementor-element elementor-element-bb11f0d elementor-widget elementor-widget-heading\" data-id=\"bb11f0d\" data-element_type=\"widget\" data-widget_type=\"heading.default\">\n\t\t\t\t<div class=\"elementor-widget-container\">\n\t\t\t<h2 class=\"elementor-heading-title elementor-size-default\">ERKKI TIRI:<\/h2>\t\t<\/div>\n\t\t\t\t<\/div>\n\t\t\t\t<div class=\"elementor-element elementor-element-37d9734 elementor-widget elementor-widget-text-editor\" data-id=\"37d9734\" data-element_type=\"widget\" data-widget_type=\"text-editor.default\">\n\t\t\t\t<div class=\"elementor-widget-container\">\n\t\t\t\t\t\t\t<p>Peruskoulun j\u00e4lkeen jatkoin opintoja Haukiputaan ammattikoulussa ja valmistuin kev\u00e4\u00e4ll\u00e4 2006 Suunnitteluassistentiksi. Koulutus sis\u00e4lsi mm. teknist\u00e4 piirt\u00e4mist\u00e4 ohjelmana AutoCAD, www-sivujen alkeet, sek\u00e4 2D ja 3D grafiikkaa. Web-sivujen suunnittelu ja grafiikka innosti l\u00e4htem\u00e4\u00e4n jatko opintoihin. Syksyll\u00e4 2006 aloitin opinnot Keski-Pohjanmaan Ammattikorkeakoulussa Ylivieskan yksik\u00f6ss\u00e4 ja valmistuin sielt\u00e4 kes\u00e4ll\u00e4 2012 Mediatekniikan insin\u00f6\u00f6riksi.<br \/>Tavoitteenani on l\u00f6yt\u00e4\u00e4 hyv\u00e4ll\u00e4 ilmapiirill\u00e4 varustettu ty\u00f6yhteis\u00f6, josta voisin my\u00f6s oppia lis\u00e4\u00e4 graafista suunnittelua ja sis\u00e4ll\u00f6nsuunnittelun lis\u00e4ksi koodausta.<\/p>\t\t\t\t\t\t<\/div>\n\t\t\t\t<\/div>\n\t\t\t\t<div class=\"elementor-element elementor-element-1022a09 elementor-widget elementor-widget-heading\" data-id=\"1022a09\" data-element_type=\"widget\" data-widget_type=\"heading.default\">\n\t\t\t\t<div class=\"elementor-widget-container\">\n\t\t\t<h2 class=\"elementor-heading-title elementor-size-default\">TY\u00d6KOKEMUS:<\/h2>\t\t<\/div>\n\t\t\t\t<\/div>\n\t\t\t\t<div class=\"elementor-element elementor-element-4e90b6d elementor-widget elementor-widget-text-editor\" data-id=\"4e90b6d\" data-element_type=\"widget\" data-widget_type=\"text-editor.default\">\n\t\t\t\t<div class=\"elementor-widget-container\">\n\t\t\t\t\t\t\t<p>2019 Ty\u00f6harjoittelu 70 p\u00e4iv\u00e4\u00e4 <a href=\"https:\/\/webwire.fi\/\" target=\"_blank\" rel=\"noopener\">Webwire<\/a> digimainostoimistossa.<\/p><p>8.2.2016 &#8211; 3.5.2016 Myllyojan asukastupa: ATK-tukihenkil\u00f6, asiakaspalvelu, laskutus.<\/p><p>1.5.\u201330.8.2009 Kesi-Pohjanmaan ammattikorkeakoulu:<br \/>Kotisivujen suunnittelu ja valmistus, sek\u00e4 siihen liittyv\u00e4t valokuvaus ja videokuvaus.<\/p><p>2003-2011 Haukiputaan Seurakunta:<br \/>Toiminut Isosena pyh\u00e4koululeirill\u00e4, j\u00e4rjestetty kerran vuodessa kes\u00e4ll\u00e4. Kesto kolme p\u00e4iv\u00e4\u00e4.<\/p>\t\t\t\t\t\t<\/div>\n\t\t\t\t<\/div>\n\t\t\t\t<div class=\"elementor-element elementor-element-55af913 elementor-widget elementor-widget-heading\" data-id=\"55af913\" data-element_type=\"widget\" data-widget_type=\"heading.default\">\n\t\t\t\t<div class=\"elementor-widget-container\">\n\t\t\t<h2 class=\"elementor-heading-title elementor-size-default\">KOULUTUS:<\/h2>\t\t<\/div>\n\t\t\t\t<\/div>\n\t\t\t\t<div class=\"elementor-element elementor-element-34bda11 elementor-widget elementor-widget-text-editor\" data-id=\"34bda11\" data-element_type=\"widget\" data-widget_type=\"text-editor.default\">\n\t\t\t\t<div class=\"elementor-widget-container\">\n\t\t\t\t\t\t\t<p>2006-2012 Keski-Pohjanmaan Ammattikorkeakoulu Ylivieskan yksik\u00f6<br \/>Mediatekniikan insin\u00f6\u00f6ri.<\/p><p>2005-2006 Oulun seudun ammattiopisto Haukiputaan yksikk\u00f6<br \/>Suunnitteluassistentti.<\/p>\t\t\t\t\t\t<\/div>\n\t\t\t\t<\/div>\n\t\t\t\t<div class=\"elementor-element elementor-element-6476073 elementor-widget elementor-widget-heading\" data-id=\"6476073\" data-element_type=\"widget\" data-widget_type=\"heading.default\">\n\t\t\t\t<div class=\"elementor-widget-container\">\n\t\t\t<h2 class=\"elementor-heading-title elementor-size-default\">KIELITAITO:<\/h2>\t\t<\/div>\n\t\t\t\t<\/div>\n\t\t\t\t<div class=\"elementor-element elementor-element-efe81a7 elementor-widget elementor-widget-text-editor\" data-id=\"efe81a7\" data-element_type=\"widget\" data-widget_type=\"text-editor.default\">\n\t\t\t\t<div class=\"elementor-widget-container\">\n\t\t\t\t\t\t\t<p>Suomi: \u00e4idinkieli<br \/>Englanti: hyv\u00e4<\/p>\t\t\t\t\t\t<\/div>\n\t\t\t\t<\/div>\n\t\t\t\t<div class=\"elementor-element elementor-element-a02b964 elementor-widget elementor-widget-heading\" data-id=\"a02b964\" data-element_type=\"widget\" data-widget_type=\"heading.default\">\n\t\t\t\t<div class=\"elementor-widget-container\">\n\t\t\t<h2 class=\"elementor-heading-title elementor-size-default\">MUUTA:<\/h2>\t\t<\/div>\n\t\t\t\t<\/div>\n\t\t\t\t<div class=\"elementor-element elementor-element-8b37f30 elementor-widget elementor-widget-text-editor\" data-id=\"8b37f30\" data-element_type=\"widget\" data-widget_type=\"text-editor.default\">\n\t\t\t\t<div class=\"elementor-widget-container\">\n\t\t\t\t\t\t\t<p>Osaamista l\u00f6ytyy my\u00f6s WordPress ja Elementor Pro:n saralta, esimerkkin\u00e4 t\u00e4m\u00e4 sivusto.<\/p><p>Olen suorittanut ajokortti B:n (Autolla ei ajoa useaan vuoteen, ei varaa yll\u00e4 pitoon.)<\/p>\t\t\t\t\t\t<\/div>\n\t\t\t\t<\/div>\n\t\t\t\t<div class=\"elementor-element elementor-element-24dc44e elementor-widget elementor-widget-image\" data-id=\"24dc44e\" data-element_type=\"widget\" data-widget_type=\"image.default\">\n\t\t\t\t<div class=\"elementor-widget-container\">\n\t\t\t\t\t\t\t\t\t\t\t\t\t<img decoding=\"async\" width=\"300\" height=\"148\" src=\"https:\/\/www.erkkitiri.fi\/wp-content\/uploads\/2020\/02\/kuvioita-300x148.png\" class=\"attachment-medium size-medium wp-image-242\" alt=\"\" srcset=\"https:\/\/www.erkkitiri.fi\/wp-content\/uploads\/2020\/02\/kuvioita-300x148.png 300w, https:\/\/www.erkkitiri.fi\/wp-content\/uploads\/2020\/02\/kuvioita-768x379.png 768w, https:\/\/www.erkkitiri.fi\/wp-content\/uploads\/2020\/02\/kuvioita-1024x505.png 1024w, https:\/\/www.erkkitiri.fi\/wp-content\/uploads\/2020\/02\/kuvioita.png 1143w\" sizes=\"(max-width: 300px) 100vw, 300px\" \/>\t\t\t\t\t\t\t\t\t\t\t\t\t<\/div>\n\t\t\t\t<\/div>\n\t\t\t\t\t<\/div>\n\t\t<\/div>\n\t\t\t\t\t<\/div>\n\t\t<\/section>\n\t\t\t\t<\/div>\n\t\t","protected":false},"excerpt":{"rendered":"<p>Nimi: Erkki TiriIk\u00e4: 32E-mail: tiri.erkki [at] gmail.com ERKKI TIRI: Peruskoulun j\u00e4lkeen jatkoin opintoja Haukiputaan ammattikoulussa ja valmistuin kev\u00e4\u00e4ll\u00e4 2006 Suunnitteluassistentiksi. Koulutus sis\u00e4lsi mm. teknist\u00e4 piirt\u00e4mist\u00e4 ohjelmana AutoCAD, www-sivujen alkeet, sek\u00e4 2D ja 3D grafiikkaa. Web-sivujen suunnittelu ja grafiikka innosti l\u00e4htem\u00e4\u00e4n jatko opintoihin. Syksyll\u00e4 2006 aloitin opinnot Keski-Pohjanmaan Ammattikorkeakoulussa Ylivieskan yksik\u00f6ss\u00e4 ja valmistuin sielt\u00e4 kes\u00e4ll\u00e4 2012 [&hellip;]<\/p>\n","protected":false},"author":1,"featured_media":0,"parent":0,"menu_order":0,"comment_status":"closed","ping_status":"closed","template":"","meta":{"footnotes":""},"class_list":["post-35","page","type-page","status-publish","hentry"],"_links":{"self":[{"href":"https:\/\/www.erkkitiri.fi\/index.php\/wp-json\/wp\/v2\/pages\/35","targetHints":{"allow":["GET"]}}],"collection":[{"href":"https:\/\/www.erkkitiri.fi\/index.php\/wp-json\/wp\/v2\/pages"}],"about":[{"href":"https:\/\/www.erkkitiri.fi\/index.php\/wp-json\/wp\/v2\/types\/page"}],"author":[{"embeddable":true,"href":"https:\/\/www.erkkitiri.fi\/index.php\/wp-json\/wp\/v2\/users\/1"}],"replies":[{"embeddable":true,"href":"https:\/\/www.erkkitiri.fi\/index.php\/wp-json\/wp\/v2\/comments?post=35"}],"version-history":[{"count":29,"href":"https:\/\/www.erkkitiri.fi\/index.php\/wp-json\/wp\/v2\/pages\/35\/revisions"}],"predecessor-version":[{"id":273,"href":"https:\/\/www.erkkitiri.fi\/index.php\/wp-json\/wp\/v2\/pages\/35\/revisions\/273"}],"wp:attachment":[{"href":"https:\/\/www.erkkitiri.fi\/index.php\/wp-json\/wp\/v2\/media?parent=35"}],"curies":[{"name":"wp","href":"https:\/\/api.w.org\/{rel}","templated":true}]}}